{"id":8,"date":"2018-01-30T08:53:23","date_gmt":"2018-01-30T08:53:23","guid":{"rendered":"http:\/\/heilpraktikerpsychotherapie-rheinsieg.de\/?page_id=8"},"modified":"2022-11-03T22:30:37","modified_gmt":"2022-11-03T22:30:37","slug":"kosten","status":"publish","type":"page","link":"https:\/\/heilpraktikerpsychotherapie-rheinsieg.de\/?page_id=8","title":{"rendered":"Kosten"},"content":{"rendered":"<p style=\"text-align: justify;\">Ein erstes kurzes \u201eKennenlern-Gespr\u00e4ch\u201c biete ich Ihnen kostenlos an. Sehr gerne pers\u00f6nlich &#8211; oder auch telefonisch sowie \u00fcber Video-Telefonie, um Sie in Ihrer Zeit nicht allzu sehr zu beeintr\u00e4chtigen.<br \/>\nSchlie\u00dflich wollen wir herausfinden, ob die \u201eChemie\u201c &#8211; als Voraussetzung f\u00fcr die gemeinsame, vertrauensvolle Arbeit &#8211; stimmt.<\/p>\n<p>Alle weiteren Termine berechne ich mit <strong>75,00 Euro<\/strong> pro Stunde.<br \/>\nPaar-\/Partnertermine berechne ich mit <strong>140,00 Euro <\/strong>pro Stunde.<\/p>\n<p style=\"text-align: justify;\">Sehen Sie eine Basis f\u00fcr eine gemeinsame Zusammenarbeit, folgt das Erstgespr\u00e4ch, in dessen Mittelpunkt die ausf\u00fchrliche Anamnese, also Ihre Krankengeschichte steht.<br \/>\nDar\u00fcber hinaus besprechen wir nat\u00fcrlich Ihr individuelles Thema, das weitere Vorgehen und m\u00f6gliche, auf Sie abgestimmte Verfahren.<\/p>\n<p style=\"text-align: justify;\">Der Betrag ist nach erfolgter Sitzung in der Regel in bar zu entrichten.<br \/>\nAlle Preise sind Endpreise. Ich erhebe keine Umsatzsteuer und weise diese daher auch nicht aus.<br \/>\nF\u00fcr Mittellose, Geringverdiener, Sch\u00fcler und Studenten spreche ich gerne abweichende Preise ab.<\/p>\n<p style=\"text-align: justify;\">Bitte beachten Sie, dass Leistungen durch Heilpraktiker meistens nicht \u00fcber die Krankenkassen abgerechnet werden k\u00f6nnen. Ausnahmen k\u00f6nnen je nach Tarifleistungen bei Privatpatienten oder im Rahmen von Zusatzversicherungen bestehen.<br \/>\nIch empfehle Ihnen daher, diese Frage gegebenenfalls vorab mit Ihrer Krankenkasse zu kl\u00e4ren.<br \/>\nAnsonsten sind Sie Selbstzahler.<\/p>\n","protected":false},"excerpt":{"rendered":"<div class=\"slide-text-bg2\"><span>Ein erstes kurzes \u201eKennenlern-Gespr\u00e4ch\u201c biete ich Ihnen kostenlos an. Sehr gerne pers\u00f6nlich &#8211; oder auch telefonisch sowie \u00fcber Video-Telefonie<\/span><\/div>\n<div class=\"slide-btn-area-sm\"><a href=\"https:\/\/heilpraktikerpsychotherapie-rheinsieg.de\/?page_id=8\" class=\"slide-btn-sm\">weiterlesen<\/a><\/div>\n","protected":false},"author":1,"featured_media":0,"parent":0,"menu_order":0,"comment_status":"closed","ping_status":"closed","template":"","meta":{"footnotes":""},"class_list":["post-8","page","type-page","status-publish","hentry"],"_links":{"self":[{"href":"https:\/\/heilpraktikerpsychotherapie-rheinsieg.de\/index.php?rest_route=\/wp\/v2\/pages\/8","targetHints":{"allow":["GET"]}}],"collection":[{"href":"https:\/\/heilpraktikerpsychotherapie-rheinsieg.de\/index.php?rest_route=\/wp\/v2\/pages"}],"about":[{"href":"https:\/\/heilpraktikerpsychotherapie-rheinsieg.de\/index.php?rest_route=\/wp\/v2\/types\/page"}],"author":[{"embeddable":true,"href":"https:\/\/heilpraktikerpsychotherapie-rheinsieg.de\/index.php?rest_route=\/wp\/v2\/users\/1"}],"replies":[{"embeddable":true,"href":"https:\/\/heilpraktikerpsychotherapie-rheinsieg.de\/index.php?rest_route=%2Fwp%2Fv2%2Fcomments&post=8"}],"version-history":[{"count":11,"href":"https:\/\/heilpraktikerpsychotherapie-rheinsieg.de\/index.php?rest_route=\/wp\/v2\/pages\/8\/revisions"}],"predecessor-version":[{"id":288,"href":"https:\/\/heilpraktikerpsychotherapie-rheinsieg.de\/index.php?rest_route=\/wp\/v2\/pages\/8\/revisions\/288"}],"wp:attachment":[{"href":"https:\/\/heilpraktikerpsychotherapie-rheinsieg.de\/index.php?rest_route=%2Fwp%2Fv2%2Fmedia&parent=8"}],"curies":[{"name":"wp","href":"https:\/\/api.w.org\/{rel}","templated":true}]}}