{"id":71,"date":"2022-09-05T18:48:27","date_gmt":"2022-09-05T18:48:27","guid":{"rendered":"http:\/\/heilpraktikerpsychotherapie-rheinsieg.de\/?page_id=71"},"modified":"2023-01-23T21:28:10","modified_gmt":"2023-01-23T21:28:10","slug":"alles-fliesst","status":"publish","type":"page","link":"https:\/\/heilpraktikerpsychotherapie-rheinsieg.de\/?page_id=71","title":{"rendered":"\u201eAlles flie\u00dft.\u201c"},"content":{"rendered":"<p style=\"text-align: justify;\">Wie oft wird man mit dieser Aussage konfrontiert? Tats\u00e4chlich versuchen wir st\u00e4ndig, unser Leben im Fluss zu halten. Solange es flie\u00dft, f\u00fchlen wir uns gut und in der Balance.<br \/>\nAber es gibt Momente und Situationen im Leben, in denen der Fluss zum Stillstand kommt oder j\u00e4h gestoppt wird. Die Ursachen k\u00f6nnen vielf\u00e4ltig sein. Es finden sich m\u00f6glicherweise Ereignisse in unserem Leben, die einen Einschnitt oder eine Ver\u00e4nderung bedeuten, wie beispielsweise Gewalterfahrungen, Unf\u00e4lle oder der Verlust geliebter Menschen aus dem pers\u00f6nlichen Umfeld. Aber auch k\u00f6rperliche oder psychische Erkrankungen k\u00f6nnen Ver\u00e4nderungen hervorrufen.<br \/>\nManchmal ist auch lediglich der eigene Blick verstellt, sodass der Horizont momentan einfach nicht\u00a0 sichtbar ist.<br \/>\nGemeinsam gelingt es h\u00e4ufig besser, den Blick wieder zu sch\u00e4rfen oder den Fokus auf Neues zu richten. Hierbei begleite ich Sie sehr gerne mit meiner Erfahrung.<\/p>\n<p style=\"text-align: justify;\">Gleiches gilt auch f\u00fcr <strong>Partnerschaft und Ehe<\/strong>. Auch hier kommen Partner wom\u00f6glich an Grenzen und hinterfragen das bisherige gemeinsame Leben. Das passiert h\u00e4ufig im Rahmen von Lebenskrisen, wenn Kinder aus dem Haus gehen oder man in den Ruhestand wechselt. Aber auch die individuelle Weiterentwicklung eines Partners wirft wom\u00f6glich Fragen auf und schafft Distanz.<br \/>\nIn diesen F\u00e4llen stehe ich Ihnen sehr gerne als <strong>Paar- und Sexualtherapeut<\/strong> zur Seite, um mit Ihnen zu versuchen, den gemeinsamen Weg fortzusetzen und neue M\u00f6glichkeiten des Miteinanders auszuarbeiten oder eine andere L\u00f6sung zu finden.<\/p>\n","protected":false},"excerpt":{"rendered":"<div class=\"slide-text-bg2\"><span>Wie oft wird man mit dieser Aussage konfrontiert? Tats\u00e4chlich versuchen wir st\u00e4ndig, unser Leben im Fluss zu halten. Solange es flie\u00dft, f\u00fchlen wir uns <\/span><\/div>\n<div class=\"slide-btn-area-sm\"><a href=\"https:\/\/heilpraktikerpsychotherapie-rheinsieg.de\/?page_id=71\" class=\"slide-btn-sm\">weiterlesen<\/a><\/div>\n","protected":false},"author":1,"featured_media":0,"parent":0,"menu_order":0,"comment_status":"closed","ping_status":"closed","template":"","meta":{"footnotes":""},"class_list":["post-71","page","type-page","status-publish","hentry"],"_links":{"self":[{"href":"https:\/\/heilpraktikerpsychotherapie-rheinsieg.de\/index.php?rest_route=\/wp\/v2\/pages\/71","targetHints":{"allow":["GET"]}}],"collection":[{"href":"https:\/\/heilpraktikerpsychotherapie-rheinsieg.de\/index.php?rest_route=\/wp\/v2\/pages"}],"about":[{"href":"https:\/\/heilpraktikerpsychotherapie-rheinsieg.de\/index.php?rest_route=\/wp\/v2\/types\/page"}],"author":[{"embeddable":true,"href":"https:\/\/heilpraktikerpsychotherapie-rheinsieg.de\/index.php?rest_route=\/wp\/v2\/users\/1"}],"replies":[{"embeddable":true,"href":"https:\/\/heilpraktikerpsychotherapie-rheinsieg.de\/index.php?rest_route=%2Fwp%2Fv2%2Fcomments&post=71"}],"version-history":[{"count":14,"href":"https:\/\/heilpraktikerpsychotherapie-rheinsieg.de\/index.php?rest_route=\/wp\/v2\/pages\/71\/revisions"}],"predecessor-version":[{"id":309,"href":"https:\/\/heilpraktikerpsychotherapie-rheinsieg.de\/index.php?rest_route=\/wp\/v2\/pages\/71\/revisions\/309"}],"wp:attachment":[{"href":"https:\/\/heilpraktikerpsychotherapie-rheinsieg.de\/index.php?rest_route=%2Fwp%2Fv2%2Fmedia&parent=71"}],"curies":[{"name":"wp","href":"https:\/\/api.w.org\/{rel}","templated":true}]}}