{"id":6,"date":"2018-01-30T08:53:12","date_gmt":"2018-01-30T08:53:12","guid":{"rendered":"http:\/\/heilpraktikerpsychotherapie-rheinsieg.de\/?page_id=6"},"modified":"2022-11-07T19:22:54","modified_gmt":"2022-11-07T19:22:54","slug":"verfahren","status":"publish","type":"page","link":"https:\/\/heilpraktikerpsychotherapie-rheinsieg.de\/?page_id=6","title":{"rendered":"Verfahren"},"content":{"rendered":"<div class=\"bcc-column-cont row mceNonEditable\">\n<p><span class=\"bcc-remove-row mceNonEditable\">Remove the row<\/span><\/p>\n<div class=\"bcc-column col-lg-8 col-md-8 col-sm-12 col-xs-12\">\n<p class=\"label mceNonEditable\">Column: 1<\/p>\n<p>Ich wende in meiner Arbeit nachstehende Verfahren an:<br \/>&#8211; <a href=\"https:\/\/de.wikipedia.org\/wiki\/Klientenzentrierte_Psychotherapie\">Gespr\u00e4chstherapie (nach C. Rogers)<\/a><br \/>&#8211; <a href=\"https:\/\/de.wikipedia.org\/wiki\/Hypnose\">Hypnose<\/a><br \/>&#8211; <a href=\"https:\/\/de.wikipedia.org\/wiki\/Eye_Movement_Desensitization_and_Reprocessing\">EMDR (Eye Movement Desensitization and Reprocessing)<\/a><br \/>&#8211; <a href=\"https:\/\/de.wikipedia.org\/wiki\/Entspannungsverfahren\">Entspannungsverfahren<\/a><\/p>\n<p style=\"text-align: justify;\">Eine Garantie f\u00fcr das Gelingen kann ich Ihnen ehrlicherweise nicht geben. Daf\u00fcr gibt es zu viele unbekannte Faktoren und Einfl\u00fcsse.<br \/>Eine Voraussetzung ist aber in jedem Fall Ihre Bereitschaft, sich auf die gemeinsame Arbeit einzulassen.<\/p>\n<p style=\"text-align: justify;\">Ziel ist es, Ihre eigenen Ressourcen zu aktivieren und zu nutzen, denn die L\u00f6sung oder Ver\u00e4nderung kommt im Wesentlichen aus Ihnen selbst.<\/p>\n<p style=\"text-align: justify;\">Ich biete Ihnen daf\u00fcr meine ungeteilte Aufmerksamkeit, mein uneingeschr\u00e4nktes Engagement, einen gesch\u00fctzten Raum, meine Wertsch\u00e4tzung und mein Verst\u00e4ndnis gegen\u00fcber ihrer Person sowie Ihrer derzeitigen Situation.\u00a0<\/p>\n<p style=\"text-align: justify;\">Meine Arbeit ist gepr\u00e4gt von Empathie und Vertrauen. Aber auch der Humor darf nicht zu kurz kommen, denn Lachen befreit.<\/p>\n<p>Selbstverst\u00e4ndlich gilt f\u00fcr mich die Schweigepflicht.<\/p>\n<p>\u00a0<\/p>\n<\/div>\n<div class=\"bcc-column col-lg-4 col-md-4 col-sm-12 col-xs-12\">\n<p class=\"label mceNonEditable\">Column: 2<\/p>\n<\/div>\n<\/div>\n<div class=\"bcc-column-cont row mceNonEditable\">\n<div class=\"clearfix mceNonEditable\">\u00a0<\/div>\n<\/div>\n\n\n<p>\u00a0<\/p>\n<p>\u00a0<\/p>\n","protected":false},"excerpt":{"rendered":"<div class=\"slide-text-bg2\"><span>Remove the row Column: 1 Ich wende in meiner Arbeit nachstehende Verfahren an:&#8211; Gespr\u00e4chstherapie (nach C. Rogers)&#8211; Hypnose&#8211; EMDR (Eye M<\/span><\/div>\n<div class=\"slide-btn-area-sm\"><a href=\"https:\/\/heilpraktikerpsychotherapie-rheinsieg.de\/?page_id=6\" class=\"slide-btn-sm\">weiterlesen<\/a><\/div>\n","protected":false},"author":1,"featured_media":0,"parent":0,"menu_order":0,"comment_status":"closed","ping_status":"closed","template":"","meta":{"footnotes":""},"class_list":["post-6","page","type-page","status-publish","hentry"],"_links":{"self":[{"href":"https:\/\/heilpraktikerpsychotherapie-rheinsieg.de\/index.php?rest_route=\/wp\/v2\/pages\/6","targetHints":{"allow":["GET"]}}],"collection":[{"href":"https:\/\/heilpraktikerpsychotherapie-rheinsieg.de\/index.php?rest_route=\/wp\/v2\/pages"}],"about":[{"href":"https:\/\/heilpraktikerpsychotherapie-rheinsieg.de\/index.php?rest_route=\/wp\/v2\/types\/page"}],"author":[{"embeddable":true,"href":"https:\/\/heilpraktikerpsychotherapie-rheinsieg.de\/index.php?rest_route=\/wp\/v2\/users\/1"}],"replies":[{"embeddable":true,"href":"https:\/\/heilpraktikerpsychotherapie-rheinsieg.de\/index.php?rest_route=%2Fwp%2Fv2%2Fcomments&post=6"}],"version-history":[{"count":19,"href":"https:\/\/heilpraktikerpsychotherapie-rheinsieg.de\/index.php?rest_route=\/wp\/v2\/pages\/6\/revisions"}],"predecessor-version":[{"id":315,"href":"https:\/\/heilpraktikerpsychotherapie-rheinsieg.de\/index.php?rest_route=\/wp\/v2\/pages\/6\/revisions\/315"}],"wp:attachment":[{"href":"https:\/\/heilpraktikerpsychotherapie-rheinsieg.de\/index.php?rest_route=%2Fwp%2Fv2%2Fmedia&parent=6"}],"curies":[{"name":"wp","href":"https:\/\/api.w.org\/{rel}","templated":true}]}}