{"id":59,"date":"2018-06-26T17:47:38","date_gmt":"2018-06-26T17:47:38","guid":{"rendered":"http:\/\/heilpraktikerpsychotherapie-rheinsieg.de\/?page_id=59"},"modified":"2022-11-03T21:13:09","modified_gmt":"2022-11-03T21:13:09","slug":"impressum","status":"publish","type":"page","link":"https:\/\/heilpraktikerpsychotherapie-rheinsieg.de\/?page_id=59","title":{"rendered":"Impressum"},"content":{"rendered":"<div id=\"contentsContainer\">\n<div id=\"contents\">\n<p id=\"E427\"><strong><span id=\"E428\" class=\"qowt-font7-Arial\">Impressum<\/span><\/strong><\/p>\n<p id=\"E429\"><span id=\"E430\" class=\"qowt-font7-Arial qowt-stl-xrtl\">Verantwortlich f\u00fcr diese Sei<\/span><span id=\"E431\" class=\"qowt-font7-Arial qowt-stl-xrtl\">te &#8211; auch nach \u00a7 55 Abs. 2 RStV<\/span><span id=\"E432\" class=\"qowt-font7-Arial qowt-stl-xrtl\">:<\/span><\/p>\n<p id=\"E433\"><span id=\"E434\" class=\"qowt-font7-Arial\">J\u00f6rn Jonas<\/span><span id=\"E436\" class=\"qowt-font7-Arial\"><br \/>\n<\/span><span id=\"E437\" class=\"qowt-font7-Arial\">Stockhardt 6<\/span><span id=\"E439\" class=\"qowt-font7-Arial\"><br \/>\n<\/span><span id=\"E440\" class=\"qowt-font7-Arial\">53819 Neunkirchen-Seelscheid<\/span><span id=\"E442\" class=\"qowt-font7-Arial\"><br \/>\n<\/span><span id=\"E443\" class=\"qowt-font7-Arial\">Telefon: 0163<\/span><span id=\"E444\" class=\"qowt-font7-Arial\">&#8211;<\/span><span id=\"E445\" class=\"qowt-font7-Arial\">2520663<\/span><span id=\"E447\" class=\"qowt-font7-Arial\"><br \/>\n<\/span><span id=\"E448\" class=\"qowt-font7-Arial\">E-Mail: <\/span><a id=\"E449\" contenteditable=\"false\" href=\"chrome-extension:\/\/gbkeegbaiigmenfmjfclcdgdpimamgkj\/views\/qowt.html#mailto:joern.jonas@gmx.de\"><span id=\"E450\" class=\"qowt-font7-Arial\">joern.jonas@gmx.de<\/span><\/a><\/p>\n<p id=\"E451\"><span id=\"E452\" class=\"qowt-font7-Arial qowt-stl-xrtl\">Berufsbezeichnung:<\/span><span id=\"E453\" class=\"qowt-font7-Arial qowt-stl-xrtl\"> <\/span><span id=\"E455\" class=\"qowt-font7-Arial qowt-stl-xrtl\"><br \/>\n<\/span><span id=\"E456\" class=\"qowt-font7-Arial qowt-stl-xrtl\">J\u00f6rn Jonas, Heilpraktiker (Psychotherapie)<\/span><span id=\"E457\" class=\"qowt-font7-Arial qowt-stl-xrtl\">,<\/span><span id=\"E458\" class=\"qowt-font7-Arial qowt-stl-xrtl\"> verliehen in der Bundesrepublik Deutschland<\/span><span id=\"E459\" class=\"qowt-font7-Arial\"> <\/span><\/p>\n<p>Mitglied im Verband Freier Psychotherapeuten, Heilpraktiker f\u00fcr Psychotherapie und Psychologischer Berater e.V. (VFP)<\/p>\n<p id=\"E460\"><span id=\"E461\" class=\"qowt-font7-Arial qowt-stl-xrtl\">Rechtsgrundlage:<\/span><span id=\"E462\" class=\"qowt-font7-Arial\"> <\/span><span id=\"E464\" class=\"qowt-font7-Arial\"><br \/>\n<\/span><span id=\"E465\" class=\"qowt-font7-Arial qowt-stl-xrtl\">\u00a7 1 HPG und 1. DVO vom 17.02.1939 (RGBI. I S. 251)<\/span><span id=\"E466\" class=\"qowt-font7-Arial\"> <\/span><span id=\"E467\" class=\"qowt-font7-Arial qowt-stl-xrtl\">Erlaubnis zur Aus\u00fcbung der Heilkunde ohne \u00e4rztliche Bestallung sowie Erlaubnis zur Aus\u00fcbung der Heilkunde ohne \u00e4rztliche Bestallung beschr\u00e4nkt auf das Gebiet der Psychotherapie. <\/span><span id=\"E469\" class=\"qowt-font7-Arial qowt-stl-xrtl\"><br \/>\n<\/span><span id=\"E470\" class=\"qowt-font7-Arial qowt-stl-xrtl\">Die <\/span><span id=\"E471\" class=\"qowt-font7-Arial qowt-stl-xrtl\">Pr\u00fcfung erfolgte durch das Gesundheitsamt K\u00f6ln am 18. Mai 2016.<\/span><span id=\"E472\" class=\"qowt-font7-Arial\"> <\/span><\/p>\n<p id=\"E473\"><span id=\"E474\" class=\"qowt-font7-Arial qowt-stl-xrtl\">Zust\u00e4ndige Aufsichtsbeh\u00f6rde:<\/span><span id=\"E475\" class=\"qowt-font7-Arial qowt-stl-xrtl\"> <\/span><span id=\"E477\" class=\"qowt-font7-Arial qowt-stl-xrtl\"><br \/>\n<\/span><span id=\"E478\" class=\"qowt-font7-Arial qowt-stl-xrtl\">Gesundheitsamt des Rhein-Sieg-Kreises, 53721 Siegburg<\/span><\/p>\n<p id=\"E479\"><span id=\"E480\" class=\"qowt-font7-Arial qowt-stl-xrtl\">Berufsrechtliche Regelungen:<\/span><span id=\"E481\" class=\"qowt-font7-Arial\"> <\/span><span id=\"E483\" class=\"qowt-font7-Arial\"><br \/>\n<\/span><span id=\"E484\" class=\"qowt-font7-Arial qowt-stl-xrtl\">Gesetz \u00fcber die berufsm\u00e4\u00dfige Aus\u00fcbung der Heilkunde ohne \u00e4rztliche Bestallung (Heilpraktikergesetz) und Durchf\u00fchrungsverordnung. Nachzulesen im Internet unter <\/span><a id=\"E485\" contenteditable=\"false\" href=\"http:\/\/www.gesetze-im-internet.de\/heilprg\/index.html\" target=\"_blank\" rel=\"noopener\"><span id=\"E486\" class=\"qowt-font7-Arial qowt-stl-Hyperlink\">http:\/\/www.gesetze-im-internet.de\/heilprg\/index.html <\/span><\/a><span id=\"E487\" class=\"qowt-font7-Arial qowt-stl-xrtl\">und <\/span><span id=\"E489\" class=\"qowt-font7-Arial qowt-stl-xrtl\"><br \/>\n<\/span><a id=\"E490\" contenteditable=\"false\" href=\"http:\/\/www.gesetze-im-internet.de\/heilprgdv_1\/index.html\" target=\"_blank\" rel=\"noopener\"><span id=\"E491\" class=\"qowt-font7-Arial qowt-stl-Hyperlink\">http:\/\/www.gesetze-im-internet.de\/heilprgdv_1\/index.html<\/span><\/a><span id=\"E492\" class=\"qowt-font7-Arial\"> <\/span><span id=\"E494\" class=\"qowt-font7-Arial\"><br \/>\n<\/span><span id=\"E496\" class=\"qowt-font7-Arial\"><br \/>\n<\/span><span id=\"E497\" class=\"qowt-font7-Arial qowt-stl-xrtl\">Berufsordnung <\/span><span id=\"E499\" class=\"qowt-font7-Arial qowt-stl-xrtl\"><br \/>\n<\/span><span id=\"E500\" class=\"qowt-font7-Arial qowt-stl-xrtl\">Nachzulesen im Internet:<\/span><span id=\"E501\" class=\"qowt-font7-Arial\"> <\/span><a id=\"E502\" contenteditable=\"false\" href=\"http:\/\/www.vfp.de\/images\/stories\/psy-vfp\/downloads\/berufsordnung-1-und-2.pdf\" target=\"_blank\" rel=\"noopener\"><span id=\"E503\" class=\"qowt-font7-Arial qowt-stl-Hyperlink\">http:\/\/www.vfp.de\/imag<\/span><span id=\"E504\" class=\"qowt-font7-Arial qowt-stl-Hyperlink\">e<\/span><span id=\"E505\" class=\"qowt-font7-Arial qowt-stl-Hyperlink\">s\/stories\/psy-fp\/downloads\/berufsordnung-1-und-2.pdf<\/span><\/a><span id=\"E506\" class=\"qowt-font7-Arial\"> <\/span><\/p>\n<p id=\"E507\"><span id=\"E508\" class=\"qowt-font7-Arial qowt-stl-xrtl\">Die <\/span><span id=\"E509\" class=\"qowt-font7-Arial qowt-stl-xrtl\">Heilkundliche T\u00e4tigkeit ist von der Umsatzsteuer gem\u00e4\u00df \u00a7 4 Nr.14 UStG befreit.<\/span><\/p>\n<p id=\"E510\"><span id=\"E511\" class=\"qowt-font7-Arial\">Es besteht eine<\/span><span id=\"E512\" class=\"qowt-font7-Arial\"> <\/span><span id=\"E513\" class=\"qowt-font7-Arial\">Berufshaftpflichtversicherung<\/span><span id=\"E514\" class=\"qowt-font7-Arial\"> <\/span><span id=\"E515\" class=\"qowt-font7-Arial\">bei:<\/span><span id=\"E516\" class=\"qowt-font7-Arial\"> <\/span><span id=\"E518\" class=\"qowt-font7-Arial\"><br \/>\n<\/span><span id=\"E519\" class=\"qowt-font7-Arial\">Die Continentale<\/span><span id=\"E521\" class=\"qowt-font7-Arial\"><br \/>\n<\/span><span id=\"E522\" class=\"qowt-font7-Arial\">Landesdirektion Zellerer GmbH<\/span><span id=\"E524\" class=\"qowt-font7-Arial\"><br \/>\n<\/span><span id=\"E525\" class=\"qowt-font7-Arial\">Forstenrieder Allee 70<\/span><span id=\"E527\" class=\"qowt-font7-Arial\"><br \/>\n<\/span><span id=\"E528\" class=\"qowt-font7-Arial\">81476 M\u00fcnchen<\/span><span id=\"E530\" class=\"qowt-font7-Arial\"><br \/>\n<\/span><span id=\"E531\" class=\"qowt-font7-Arial\">Geltungsbereich: Deutschland<\/span><\/p>\n<p id=\"E532\"><span id=\"E533\" class=\"qowt-font7-Arial\">Copyrights:<\/span><span id=\"E535\" class=\"qowt-font7-Arial\"><br \/>\n<\/span><span id=\"E536\" class=\"qowt-font7-Arial\">Praxis-Logo:<\/span><span id=\"E537\" class=\"qowt-font7-Arial\"> <\/span><span id=\"E538\" class=\"qowt-font7-Arial\"> <\/span><span id=\"E539\" class=\"qowt-font7-Arial\"> <\/span><span id=\"E540\" class=\"qowt-font7-Arial\">Susi Wenrich<\/span><span id=\"E542\" class=\"qowt-font7-Arial\"><br \/>\n<\/span><span id=\"E550\" class=\"qowt-font7-Arial\">Fotos:<\/span><span id=\"E551\" class=\"qowt-font7-Arial\"> <\/span><span id=\"E553\" class=\"qowt-font7-Arial\"> <\/span><span id=\"E554\" class=\"qowt-font7-Arial\">J\u00f6rn Jonas<\/span><\/p>\n<p id=\"E556\"><span id=\"E557\" class=\"qowt-font7-Arial\">Hinweis gem\u00e4\u00df Online-Streitbeilegungs-Verordnung<\/span><\/p>\n<p id=\"E558\"><span id=\"E559\" class=\"qowt-font7-Arial\">Nach geltendem Recht bin ich verpflichtet, Verbraucher auf die Existenz der Europ\u00e4ischen Online-Streitbeilegungs-Plattform hinzuweisen, die f\u00fcr die Beilegung von Streitigkeiten genutzt werden kann, ohne dass ein Gericht eingeschaltet werden muss. F\u00fcr die Einrichtung der Plattform ist die Europ\u00e4ische Kommission zust\u00e4ndig. Die Europ\u00e4ische Online-Streitbeilegungs-Plattform ist hier zu finden: <\/span><a id=\"E560\" contenteditable=\"false\" href=\"http:\/\/ec.europa.eu\/odr\" target=\"_blank\" rel=\"noopener\"><span id=\"E561\" class=\"qowt-font7-Arial\">http:\/\/ec.europa.eu\/odr<\/span><\/a><span id=\"E562\" class=\"qowt-font7-Arial\">. Unsere E-Mail-Adresse lautet: <\/span><a id=\"E563\" contenteditable=\"false\" href=\"chrome-extension:\/\/gbkeegbaiigmenfmjfclcdgdpimamgkj\/views\/qowt.html#mailto:joern.jonas@gmx.de\"><span id=\"E564\" class=\"qowt-font7-Arial\">joern.jonas@gmx.de<\/span><\/a><\/p>\n<p id=\"E565\"><span id=\"E566\" class=\"qowt-font7-Arial\">Ich weise aber darauf hin, dass ich nicht bereit bin, mich am Streitbeilegungsverfahren im R<\/span><span style=\"font-size: inherit;\">ahmen der Europ\u00e4ischen Online-Streitbeilegungs-Plattform zu beteiligen. Nutzen Sie zur Kontaktaufnahme bitte meine obige E-Mail-Adresse und Telefonnummer.<\/span><\/p>\n<\/div>\n<\/div>\n<div id=\"contentsContainer\">\n<div id=\"contents\">\n<p id=\"E568\"><span id=\"E569\" class=\"qowt-font7-Arial\">Disclaimer \u2013 rechtliche Hinweise<\/span><\/p>\n<p id=\"E570\"><span id=\"E571\" class=\"qowt-font7-Arial\">\u00a7 1 Warnhinweis zu Inhalten<\/span><span id=\"E573\" class=\"qowt-font7-Arial\"><br \/>\n<\/span><span id=\"E574\" class=\"qowt-font7-Arial\">Die kostenlosen und frei zug\u00e4nglichen Inhalte dieser Webseite wurden mit gr\u00f6\u00dftm\u00f6glicher Sorgfalt erstellt. Der Anbieter dieser Webseite \u00fcbernimmt jedoch keine Gew\u00e4hr f\u00fcr die Richtigkeit und Aktualit\u00e4t der bereitgestellten kostenlosen und frei zug\u00e4nglichen journalistischen Ratgeber und Nachrichten. Namentlich gekennzeichnete Beitr\u00e4ge geben die Meinung des jeweiligen Autors und nicht immer die Meinung des Anbieters wieder. Allein durch den Aufruf der kostenlosen und frei zug\u00e4nglichen Inhalte kommt keinerlei Vertragsverh\u00e4ltnis zwischen dem Nutzer und dem Anbieter zustande, insoweit fehlt es am Rechtsbindungswillen des Anbieters.<\/span><span id=\"E576\" class=\"qowt-font7-Arial\"><br \/>\n<\/span><span id=\"E578\" class=\"qowt-font7-Arial\"><br \/>\n<\/span><span id=\"E579\" class=\"qowt-font7-Arial\">\u00a7 2 Externe Links<\/span><span id=\"E581\" class=\"qowt-font7-Arial\"><br \/>\n<\/span><span id=\"E582\" class=\"qowt-font7-Arial\">Diese Website enth\u00e4lt Verkn\u00fcpfungen zu Websites Dritter (&#8222;externe Links&#8220;). Diese Websites unterliegen der Haftung der jeweiligen Betreiber. Der Anbieter hat bei der erstmaligen Verkn\u00fcpfung der externen Links die fremden Inhalte daraufhin \u00fcberpr\u00fcft, ob etwaige Rechtsverst\u00f6\u00dfe bestehen. Zu dem Zeitpunkt waren keine Rechtsverst\u00f6\u00dfe ersichtlich. Der Anbieter hat keinerlei Einfluss auf die aktuelle und zuk\u00fcnftige Gestaltung und auf die Inhalte der verkn\u00fcpften Seiten. Das Setzen von externen Links bedeutet nicht, dass sich der Anbieter die hinter dem Verweis oder Link liegenden Inhalte zu Eigen macht. Eine st\u00e4ndige Kontrolle der externen Links ist f\u00fcr den Anbieter ohne konkrete Hinweise auf Rechtsverst\u00f6\u00dfe nicht zumutbar. Bei Kenntnis von Rechtsverst\u00f6\u00dfen werden jedoch derartige externe Links unverz\u00fcglich gel\u00f6scht.<\/span><span id=\"E584\" class=\"qowt-font7-Arial\"><br \/>\n<\/span><span id=\"E586\" class=\"qowt-font7-Arial\"><br \/>\n<\/span><span id=\"E587\" class=\"qowt-font7-Arial\">\u00a7 3 Urheber- und Leistungsschutzrechte<\/span><span id=\"E589\" class=\"qowt-font7-Arial\"><br \/>\n<\/span><span id=\"E590\" class=\"qowt-font7-Arial\">Die auf dieser Website ver\u00f6ffentlichten Inhalte unterliegen dem deutschen Urheber- und Leistungsschutzrecht. Jede vom deutschen Urheber- und Leistungsschutzrecht nicht zugelassene Verwertung bedarf der vorherigen schriftlichen Zustimmung des Anbieters oder jeweiligen Rechteinhabers. Dies gilt insbesondere f\u00fcr Vervielf\u00e4ltigung, Bearbeitung, \u00dcbersetzung, Einspeicherung, Verarbeitung bzw. Wiedergabe von Inhalten in Datenbanken oder anderen elektronischen Medien und Systemen. Inhalte und Rechte Dritter sind dabei als solche gekennzeichnet. Die unerlaubte Vervielf\u00e4ltigung oder Weitergabe einzelner Inhalte oder kompletter Seiten ist nicht gestattet und strafbar. Lediglich die Herstellung von Kopien und Downloads f\u00fcr den pers\u00f6nlichen, privaten und nicht kommerziellen Gebrauch ist erlaubt.<\/span><span id=\"E592\" class=\"qowt-font7-Arial\"><br \/>\n<\/span><span id=\"E594\" class=\"qowt-font7-Arial\"><br \/>\n<\/span><span id=\"E595\" class=\"qowt-font7-Arial\">Die Darstellung dieser Website in fremden Frames ist nur mit schriftlicher Erlaubnis zul\u00e4ssig.<\/span><span id=\"E597\" class=\"qowt-font7-Arial\"><br \/>\n<\/span><span id=\"E599\" class=\"qowt-font7-Arial\"><br \/>\n<\/span><span id=\"E600\" class=\"qowt-font7-Arial\">\u00a7 4 Besondere Nutzungsbedingungen<\/span><span id=\"E602\" class=\"qowt-font7-Arial\"><br \/>\n<\/span><span id=\"E603\" class=\"qowt-font7-Arial\">Soweit besondere Bedingungen f\u00fcr einzelne Nutzungen dieser Website von den vorgenannten Paragraphen abweichen, wird an entsprechender Stelle ausdr\u00fccklich darauf hingewiesen. In diesem Falle gelten im jeweiligen Einzelfall die besonderen Nutzungsbedingungen.<\/span><\/p>\n<p id=\"E604\"><span id=\"E605\" class=\"qowt-font7-Arial\">Quelle: <\/span><a id=\"E606\" contenteditable=\"false\" href=\"https:\/\/www.juraforum.de\/impressum-generator\/\" target=\"_blank\" rel=\"noopener\"><span id=\"E607\" class=\"qowt-font7-Arial\">Impressum Vorlage von JuraForum.de<\/span><\/a><\/p>\n<p id=\"E610\"><span id=\"E611\" class=\"qowt-font7-Arial\">Datenschutzerkl\u00e4rung:<\/span><\/p>\n<p><strong><span id=\"E613\" class=\"qowt-font7-Arial\">Datenschutz<\/span><\/strong><span id=\"E615\" class=\"qowt-font7-Arial\"><\/span><\/p>\n<p><span id=\"E616\" class=\"qowt-font7-Arial\">Nachfolgend m\u00f6chte ich Sie \u00fcber meine Datenschutzerkl\u00e4rung informieren. Sie finden hier <\/span><span class=\"qowt-font7-Arial\">Informationen \u00fcber die Erhebung und Verwendung pers\u00f6nlicher Daten bei der Nutzung meiner Webseite. Ich beachte dabei das f\u00fcr Deutschland geltende Datenschutzrecht. Sie k\u00f6nnen diese Erkl\u00e4rung jederzeit auf meiner Webseite abrufen. <\/span><span id=\"E618\" class=\"qowt-font7-Arial\"><br \/>\n<\/span><span id=\"E620\" class=\"qowt-font7-Arial\"><br \/>\n<\/span><span id=\"E621\" class=\"qowt-font7-Arial\">Ich weise ausdr\u00fccklich darauf hin, dass die Daten\u00fcbertragung im Internet (z.B. bei der Kommunikation per E-Mail) Sicherheitsl\u00fccken aufweisen und nicht l\u00fcckenlos vor dem Zugriff durch Dritte gesch\u00fctzt werden kann. <\/span><span id=\"E623\" class=\"qowt-font7-Arial\"><br \/>\n<\/span><span id=\"E625\" class=\"qowt-font7-Arial\"><br \/>\n<\/span><span id=\"E626\" class=\"qowt-font7-Arial\">Die Verwendung der Kontaktdaten des Impressums zur gewerblichen Werbung ist ausdr\u00fccklich nicht erw\u00fcnscht, es sei denn, ich hatte zuvor meine schriftliche Einwilligung erteilt oder es besteht bereits eine Gesch\u00e4ftsbeziehung. Der Anbieter und alle auf dieser Website genannten Personen widersprechen hiermit jeder kommerziellen Verwendung und Weitergabe ihrer Daten. <\/span><span id=\"E628\" class=\"qowt-font7-Arial\"><br \/>\n<\/span><span id=\"E630\" class=\"qowt-font7-Arial\"><br \/>\n<\/span><span id=\"E631\" class=\"qowt-font7-Arial\">Personenbezogene Daten<\/span><span id=\"E632\" class=\"qowt-font7-Arial\"> <\/span><span id=\"E634\" class=\"qowt-font7-Arial\"><br \/>\n<\/span><span id=\"E635\" class=\"qowt-font7-Arial\">Sie k\u00f6nnen meine Webseite ohne Angabe personenbezogener Daten besuchen. Soweit auf den Seiten personenbezogene Daten (wie Name, Anschrift oder E-Mail Adresse) erhoben werden, erfolgt dies, soweit m\u00f6glich, auf freiwilliger Basis. Diese Daten werden ohne Ihre ausdr\u00fcckliche Zustimmung nicht an Dritte weitergegeben. Sofern zwischen Ihnen und mir ein Vertragsverh\u00e4ltnis begr\u00fcndet, inhaltlich ausgestaltet oder ge\u00e4ndert werden soll oder Sie an mich eine Anfrage stellen, erhebe und verwende ich personenbezogene Daten von Ihnen, soweit dies zu diesen Zwecken erforderlich ist (Bestandsdaten). Ich erhebe, verarbeite und nutze personenbezogene Daten soweit dies erforderlich ist, um Ihnen die Inanspruchnahme des Webangebots zu erm\u00f6glichen (Nutzungsdaten). S\u00e4mtliche personenbezogenen Daten werden nur solange gespeichert wie dies f\u00fcr den genannten Zweck (Bearbeitung Ihrer Anfrage oder Abwicklung eines Vertrags) erforderlich ist. Hierbei werden steuer- und handelsrechtliche Aufbewahrungsfristen ber\u00fccksichtigt. Auf Anordnung der zust\u00e4ndigen Stellen darf im Einzelfall Auskunft \u00fcber diese Daten (Bestandsdaten) erteilt werden, soweit dies f\u00fcr Zwecke der Strafverfolgung, zur Gefahrenabwehr, zur Erf\u00fcllung der gesetzlichen Aufgaben der Verfassungsschutzbeh\u00f6rden oder des Milit\u00e4rischen Abschirmdienstes oder zur Durchsetzung der Rechte am geistigen Eigentum erforderlich ist.<\/span><\/p>\n<\/div>\n<\/div>\n<div id=\"contentsContainer\">\n<div id=\"contents\">\n<p id=\"E636\"><span id=\"E637\" class=\"qowt-font7-Arial\">Datenschutzerkl\u00e4rung f\u00fcr das Facebook-Plugin (\u201eGef\u00e4llt mir\u201c)<\/span><span id=\"E639\" class=\"qowt-font7-Arial\"><br \/>\n<\/span><span id=\"E640\" class=\"qowt-font7-Arial\">Diese Webseite nutzt Plugins des Anbieters Facebook.com, welche durch das Unternehmen Facebook Inc., 1601 S. California Avenue, Palo Alto, CA 94304 in den USA bereitgestellt werden. Nutzer meiner Webseite, auf der das Facebook-Plugin (\u201eGef\u00e4llt mir\u201c-Button) installiert ist, werden hiermit darauf hingewiesen, dass durch das Plugin eine Verbindung zu Facebook aufgebaut wird, wodurch eine \u00dcbermittlung an Ihren Browser durchgef\u00fchrt wird, damit das Plugin auf der Webseite erscheint.<\/span><span id=\"E642\" class=\"qowt-font7-Arial\"><br \/>\n<\/span><span id=\"E643\" class=\"qowt-font7-Arial\">Des Weiteren werden durch die Nutzung Daten an die Facebook-Server weitergeleitet, welche Informationen \u00fcber Ihre Webseitenbesuche auf meiner Homepage enthalten. Dies hat f\u00fcr eingeloggte Facebook-Nutzer zur Folge, dass die Nutzungsdaten Ihrem pers\u00f6nlichen Facebook-Account zugeordnet werden. <\/span><span id=\"E645\" class=\"qowt-font7-Arial\"><br \/>\n<\/span><span id=\"E646\" class=\"qowt-font7-Arial\">Sobald Sie als eingeloggter Facebook-Nutzer aktiv das Facebook-Plugin nutzen (z.B. durch das Klicken auf den \u201eGef\u00e4llt mir\u201c Knopf oder die Nutzung der Kommentarfunktion), werden diese Daten zu Ihrem Facebook-Account \u00fcbertragen und ver\u00f6ffentlicht. Dies k\u00f6nnen Sie nur durch vorheriges Ausloggen aus Ihrem Facebook-Account umgehen. <\/span><span id=\"E648\" class=\"qowt-font7-Arial\"><br \/>\n<\/span><span id=\"E649\" class=\"qowt-font7-Arial\">Weitere Information bez\u00fcglich der Datennutzung durch Facebook entnehmen Sie bitte den datenschutzrechtlichen Bestimmungen auf Facebook unter <\/span><a id=\"E650\" contenteditable=\"false\" href=\"http:\/\/de-de.facebook.com\/policy.php\" target=\"_blank\" rel=\"noopener\"><span id=\"E651\" class=\"qowt-font7-Arial\">http:\/\/de-de.facebook.com\/policy.php<\/span><\/a><span id=\"E652\" class=\"qowt-font7-Arial\">.<\/span><\/p>\n<p id=\"E653\"><span id=\"E654\" class=\"qowt-font7-Arial\">Auskunftsrecht<\/span><span id=\"E656\" class=\"qowt-font7-Arial\"><br \/>\n<\/span><span id=\"E657\" class=\"qowt-font7-Arial\">Sie haben das jederzeitige Recht, sich unentgeltlich und unverz\u00fcglich \u00fcber die zu Ihrer Person erhobenen Daten zu erkundigen. Sie haben das jederzeitige Recht, Ihre Zustimmung zur Verwendung Ihrer angegebenen pers\u00f6nlichen Daten mit Wirkung f\u00fcr die Zukunft zu widerrufen. Zur Auskunftserteilung wenden Sie sich bitte an den Anbieter unter den angegebenen Kontaktm\u00f6glichkeiten.<br \/>\n<\/span><\/p>\n<\/div>\n<\/div>\n","protected":false},"excerpt":{"rendered":"<div class=\"slide-text-bg2\"><span>Impressum Verantwortlich f\u00fcr diese Seite &#8211; auch nach \u00a7 55 Abs. 2 RStV: J\u00f6rn Jonas Stockhardt 6 53819 Neunkirchen-Seelscheid Telefon: 0163&#8211;25<\/span><\/div>\n<div class=\"slide-btn-area-sm\"><a href=\"https:\/\/heilpraktikerpsychotherapie-rheinsieg.de\/?page_id=59\" class=\"slide-btn-sm\">weiterlesen<\/a><\/div>\n","protected":false},"author":1,"featured_media":0,"parent":0,"menu_order":0,"comment_status":"closed","ping_status":"closed","template":"","meta":{"footnotes":""},"class_list":["post-59","page","type-page","status-publish","hentry"],"_links":{"self":[{"href":"https:\/\/heilpraktikerpsychotherapie-rheinsieg.de\/index.php?rest_route=\/wp\/v2\/pages\/59","targetHints":{"allow":["GET"]}}],"collection":[{"href":"https:\/\/heilpraktikerpsychotherapie-rheinsieg.de\/index.php?rest_route=\/wp\/v2\/pages"}],"about":[{"href":"https:\/\/heilpraktikerpsychotherapie-rheinsieg.de\/index.php?rest_route=\/wp\/v2\/types\/page"}],"author":[{"embeddable":true,"href":"https:\/\/heilpraktikerpsychotherapie-rheinsieg.de\/index.php?rest_route=\/wp\/v2\/users\/1"}],"replies":[{"embeddable":true,"href":"https:\/\/heilpraktikerpsychotherapie-rheinsieg.de\/index.php?rest_route=%2Fwp%2Fv2%2Fcomments&post=59"}],"version-history":[{"count":9,"href":"https:\/\/heilpraktikerpsychotherapie-rheinsieg.de\/index.php?rest_route=\/wp\/v2\/pages\/59\/revisions"}],"predecessor-version":[{"id":175,"href":"https:\/\/heilpraktikerpsychotherapie-rheinsieg.de\/index.php?rest_route=\/wp\/v2\/pages\/59\/revisions\/175"}],"wp:attachment":[{"href":"https:\/\/heilpraktikerpsychotherapie-rheinsieg.de\/index.php?rest_route=%2Fwp%2Fv2%2Fmedia&parent=59"}],"curies":[{"name":"wp","href":"https:\/\/api.w.org\/{rel}","templated":true}]}}